{"id":1611,"date":"2026-02-25T16:28:40","date_gmt":"2026-02-25T19:28:40","guid":{"rendered":"https:\/\/primealimentacao.com.br\/?page_id=1611"},"modified":"2026-03-20T10:29:33","modified_gmt":"2026-03-20T13:29:33","slug":"diferenciais-estrategicos","status":"publish","type":"page","link":"https:\/\/primealimentacao.com.br\/?page_id=1611","title":{"rendered":""},"content":{"rendered":"\n<p class=\"has-black-color has-luminous-vivid-amber-background-color has-text-color has-background\"><strong>Governan\u00e7a e controle de riscos<br><br><\/strong>Atua\u00e7\u00e3o alinhada \u00e0s normas legais, com controle rigoroso de processos e mitiga\u00e7\u00e3o de riscos operacionais e administrativos.<\/p>\n","protected":false},"excerpt":{"rendered":"<p>Governan\u00e7a e controle de riscos Atua\u00e7\u00e3o alinhada \u00e0s normas legais, com controle rigoroso de processos e mitiga\u00e7\u00e3o de riscos operacionais e administrativos.<\/p>\n","protected":false},"author":1,"featured_media":1745,"parent":0,"menu_order":0,"comment_status":"closed","ping_status":"closed","template":"","meta":{"_joinchat":[]},"_links":{"self":[{"href":"https:\/\/primealimentacao.com.br\/index.php?rest_route=\/wp\/v2\/pages\/1611"}],"collection":[{"href":"https:\/\/primealimentacao.com.br\/index.php?rest_route=\/wp\/v2\/pages"}],"about":[{"href":"https:\/\/primealimentacao.com.br\/index.php?rest_route=\/wp\/v2\/types\/page"}],"author":[{"embeddable":true,"href":"https:\/\/primealimentacao.com.br\/index.php?rest_route=\/wp\/v2\/users\/1"}],"replies":[{"embeddable":true,"href":"https:\/\/primealimentacao.com.br\/index.php?rest_route=%2Fwp%2Fv2%2Fcomments&post=1611"}],"version-history":[{"count":5,"href":"https:\/\/primealimentacao.com.br\/index.php?rest_route=\/wp\/v2\/pages\/1611\/revisions"}],"predecessor-version":[{"id":1742,"href":"https:\/\/primealimentacao.com.br\/index.php?rest_route=\/wp\/v2\/pages\/1611\/revisions\/1742"}],"wp:featuredmedia":[{"embeddable":true,"href":"https:\/\/primealimentacao.com.br\/index.php?rest_route=\/wp\/v2\/media\/1745"}],"wp:attachment":[{"href":"https:\/\/primealimentacao.com.br\/index.php?rest_route=%2Fwp%2Fv2%2Fmedia&parent=1611"}],"curies":[{"name":"wp","href":"https:\/\/api.w.org\/{rel}","templated":true}]}}